{"id":69,"date":"2017-10-08T16:17:11","date_gmt":"2017-10-08T19:17:11","guid":{"rendered":"http:\/\/vicca.com.br\/en\/\/?page_id=69"},"modified":"2025-08-12T10:31:54","modified_gmt":"2025-08-12T13:31:54","slug":"certificacoes","status":"publish","type":"page","link":"https:\/\/vicca.com.br\/en\/certificacoes\/","title":{"rendered":"Certifications"},"content":{"rendered":"<p data-start=\"2582\" data-end=\"3091\"><strong data-start=\"2582\" data-end=\"2628\">GOOD MANUFACTURING PRACTICES CERTIFICATION<\/strong><br data-start=\"2628\" data-end=\"2631\" \/>The Good Manufacturing Practices (GMP) Certification, also known in Portuguese as Boas Pr\u00e1ticas de Fabrica\u00e7\u00e3o (BPF), is recognized for its strategic importance in the business environment, enabling companies in the medical-hospital sector to market their products both domestically and internationally.<br data-start=\"2933\" data-end=\"2936\" \/>Since 2004, the registration of new products or the revalidation of existing medical devices has been contingent upon the company\u2019s certification in GMP.<\/p>\n<p data-start=\"3093\" data-end=\"3296\"><strong data-start=\"3093\" data-end=\"3105\">ISO 9001<\/strong><br data-start=\"3105\" data-end=\"3108\" \/>ISO 9001 aims to ensure that the organization can consistently and repeatedly provide goods and services that meet established specifications, thereby fulfilling applicable requirements.<\/p>\n<p data-start=\"3298\" data-end=\"3710\"><strong data-start=\"3298\" data-end=\"3315\">NBR ISO 13485<\/strong><br data-start=\"3315\" data-end=\"3318\" \/>The NBR ISO 13485 standard defines the requirements for a comprehensive quality management system focused on the design, production, and distribution of medical devices. It has been specifically developed for organizations that manufacture or supply medical devices or provide related services, with the objective of ensuring continuous compliance with regulatory and customer requirements.<\/p>\n<p data-start=\"3712\" data-end=\"4128\">While it is a standalone document, ISO 13485 is often implemented in conjunction with ISO 9001. However, unlike ISO 9001, ISO 13485 places less emphasis on continuous improvement and customer satisfaction, and instead prioritizes compliance with regulatory requirements, risk management, and the maintenance of effective processes to ensure safety in the design, manufacturing, and distribution of medical devices.<\/p>\n<p data-start=\"4130\" data-end=\"4597\"><strong data-start=\"4130\" data-end=\"4164\">GOOD CITIZEN COMPANY \u2013 ABRAIDI<\/strong><br data-start=\"4164\" data-end=\"4167\" \/>Vicca has been certified with the <em data-start=\"4201\" data-end=\"4223\">Good Citizen Company<\/em> seal, granted by the Brazilian Association of Importers and Distributors of Implants (ABRAIDI). This seal serves as a Code of Conduct and recognizes member companies that base their operations on four fundamental pillars: ethics, quality, good practices, and patient safety, always ensuring transparency in relationships between companies, entities, and the end consumer.<\/p>\n","protected":false},"excerpt":{"rendered":"<p>GOOD MANUFACTURING PRACTICES CERTIFICATIONThe Good Manufacturing Practices (GMP) Certification, also known in Portuguese as Boas Pr\u00e1ticas de Fabrica\u00e7\u00e3o (BPF), is recognized for its strategic importance in the business environment, enabling companies in the medical-hospital sector to market their products both domestically and internationally.Since 2004, the registration of new products or the revalidation of existing medical&#8230;  <a class=\"excerpt-read-more\" href=\"https:\/\/vicca.com.br\/en\/certificacoes\/\" title=\"Read Certifications\">Read more &raquo;<\/a><\/p>\n","protected":false},"author":1,"featured_media":0,"parent":0,"menu_order":0,"comment_status":"closed","ping_status":"closed","template":"","meta":{"footnotes":""},"class_list":["post-69","page","type-page","status-publish","hentry"],"_links":{"self":[{"href":"https:\/\/vicca.com.br\/en\/wp-json\/wp\/v2\/pages\/69","targetHints":{"allow":["GET"]}}],"collection":[{"href":"https:\/\/vicca.com.br\/en\/wp-json\/wp\/v2\/pages"}],"about":[{"href":"https:\/\/vicca.com.br\/en\/wp-json\/wp\/v2\/types\/page"}],"author":[{"embeddable":true,"href":"https:\/\/vicca.com.br\/en\/wp-json\/wp\/v2\/users\/1"}],"replies":[{"embeddable":true,"href":"https:\/\/vicca.com.br\/en\/wp-json\/wp\/v2\/comments?post=69"}],"version-history":[{"count":6,"href":"https:\/\/vicca.com.br\/en\/wp-json\/wp\/v2\/pages\/69\/revisions"}],"predecessor-version":[{"id":257,"href":"https:\/\/vicca.com.br\/en\/wp-json\/wp\/v2\/pages\/69\/revisions\/257"}],"wp:attachment":[{"href":"https:\/\/vicca.com.br\/en\/wp-json\/wp\/v2\/media?parent=69"}],"curies":[{"name":"wp","href":"https:\/\/api.w.org\/{rel}","templated":true}]}}