{"id":53,"date":"2017-10-04T17:05:55","date_gmt":"2017-10-04T20:05:55","guid":{"rendered":"http:\/\/vicca.com.br\/es\/\/?page_id=53"},"modified":"2018-03-22T11:10:32","modified_gmt":"2018-03-22T14:10:32","slug":"quem-somos","status":"publish","type":"page","link":"https:\/\/vicca.com.br\/es\/quem-somos\/","title":{"rendered":"Quienes somos"},"content":{"rendered":"<p>En 1981, se fundaba Vicca Equipamentos Biom\u00e9dicos. La empresa nac\u00eda con una importante misi\u00f3n: crear soluciones para la neurocirug\u00eda.<\/p>\n<p>As\u00ed, Vicca hizo posible para muchas personas el sue\u00f1o de vivir con salud.<\/p>\n<p>La empresa se especializ\u00f3 en clips para aneurismas intracraneales, y a\u00fan hoy busca el perfeccionamiento continuo, invirtiendo en investigaciones y estudios para descubrir los procesos productivos en su forma m\u00e1s evolucionada.<\/p>\n<p>Instalada en Cachoeirinha, en la Gran Porto Alegre, la f\u00e1brica de Vicca es referencia en tecnolog\u00eda y control de calidad. De la producci\u00f3n industrial a la estructura organizacional, las innovaciones tecnol\u00f3gicas y el acompa\u00f1amiento de los avances cient\u00edficos son conceptos arraigados en la cultura de la empresa.<\/p>\n<p>Desarrollar y fabricar productos para neurocirug\u00eda es una actividad minuciosa, que se asemeja al oficio de un orfebre en la preocupaci\u00f3n con los detalles. Un trabajo que busca la perfecci\u00f3n en cada acto, el dominio de la t\u00e9cnica y la precisi\u00f3n en el resultado final.<\/p>\n<p>A lo largo de m\u00e1s de 35 a\u00f1os buscando una relaci\u00f3n cercana y directa con sus clientes y teniendo como objetivo la constante b\u00fasqueda de una mayor calidad de sus productos, Vicca adquiri\u00f3 mucho m\u00e1s que informaciones t\u00e9cnicas y profesionales, adquiri\u00f3 colaboradores potenciales de trabajo con un mismo prop\u00f3sito: salvar vidas.<\/p>\n","protected":false},"excerpt":{"rendered":"<p>En 1981, se fundaba Vicca Equipamentos Biom\u00e9dicos. La empresa nac\u00eda con una importante misi\u00f3n: crear soluciones para la neurocirug\u00eda. As\u00ed, Vicca hizo posible para muchas personas el sue\u00f1o de vivir con salud. La empresa se especializ\u00f3 en clips para aneurismas intracraneales, y a\u00fan hoy busca el perfeccionamiento continuo, invirtiendo en investigaciones y estudios para descubrir&#8230;  <a class=\"excerpt-read-more\" href=\"https:\/\/vicca.com.br\/es\/quem-somos\/\" title=\"Read Quienes somos\">Read more &raquo;<\/a><\/p>\n","protected":false},"author":1,"featured_media":0,"parent":0,"menu_order":0,"comment_status":"closed","ping_status":"closed","template":"","meta":{"footnotes":""},"class_list":["post-53","page","type-page","status-publish","hentry"],"_links":{"self":[{"href":"https:\/\/vicca.com.br\/es\/wp-json\/wp\/v2\/pages\/53","targetHints":{"allow":["GET"]}}],"collection":[{"href":"https:\/\/vicca.com.br\/es\/wp-json\/wp\/v2\/pages"}],"about":[{"href":"https:\/\/vicca.com.br\/es\/wp-json\/wp\/v2\/types\/page"}],"author":[{"embeddable":true,"href":"https:\/\/vicca.com.br\/es\/wp-json\/wp\/v2\/users\/1"}],"replies":[{"embeddable":true,"href":"https:\/\/vicca.com.br\/es\/wp-json\/wp\/v2\/comments?post=53"}],"version-history":[{"count":11,"href":"https:\/\/vicca.com.br\/es\/wp-json\/wp\/v2\/pages\/53\/revisions"}],"predecessor-version":[{"id":256,"href":"https:\/\/vicca.com.br\/es\/wp-json\/wp\/v2\/pages\/53\/revisions\/256"}],"wp:attachment":[{"href":"https:\/\/vicca.com.br\/es\/wp-json\/wp\/v2\/media?parent=53"}],"curies":[{"name":"wp","href":"https:\/\/api.w.org\/{rel}","templated":true}]}}