{"id":69,"date":"2017-10-08T16:17:11","date_gmt":"2017-10-08T19:17:11","guid":{"rendered":"http:\/\/vicca.com.br\/es\/\/?page_id=69"},"modified":"2025-08-12T10:30:50","modified_gmt":"2025-08-12T13:30:50","slug":"certificacoes","status":"publish","type":"page","link":"https:\/\/vicca.com.br\/es\/certificacoes\/","title":{"rendered":"Certificaciones"},"content":{"rendered":"<p data-start=\"302\" data-end=\"877\"><strong data-start=\"302\" data-end=\"352\">CERTIFICADO DE BUENAS PR\u00c1CTICAS DE FABRICACI\u00d3N<\/strong><br data-start=\"352\" data-end=\"355\" \/>La Certificaci\u00f3n de Buenas Pr\u00e1cticas de Fabricaci\u00f3n (BPF), tambi\u00e9n conocida internacionalmente como <em data-start=\"455\" data-end=\"485\">Good Manufacturing Practices<\/em> (GMP), es reconocida por su relevancia estrat\u00e9gica en el \u00e1mbito empresarial, permitiendo que las empresas del sector m\u00e9dico-hospitalario comercialicen sus productos tanto en el mercado interno como en el internacional.<br data-start=\"704\" data-end=\"707\" \/>Desde 2004, el registro de nuevos productos o la revalidaci\u00f3n del registro de productos sanitarios existentes est\u00e1 condicionado a la certificaci\u00f3n de la empresa en BPF.<\/p>\n<p data-start=\"879\" data-end=\"1166\"><strong data-start=\"879\" data-end=\"891\">ISO 9001<\/strong><br data-start=\"891\" data-end=\"894\" \/>La norma ISO 9001 tiene como objetivo proporcionar la certeza de que la organizaci\u00f3n es capaz de suministrar, de manera constante y repetitiva, bienes y servicios que cumplan con las especificaciones establecidas, asegurando la satisfacci\u00f3n de los requisitos aplicables.<\/p>\n<p data-start=\"1168\" data-end=\"1577\"><strong data-start=\"1168\" data-end=\"1185\">NBR ISO 13485<\/strong><br data-start=\"1185\" data-end=\"1188\" \/>La norma NBR ISO 13485 establece los requisitos para un sistema de gesti\u00f3n integral orientado al dise\u00f1o, producci\u00f3n y distribuci\u00f3n de productos m\u00e9dicos. Fue desarrollada espec\u00edficamente para organizaciones que fabrican o suministran dispositivos m\u00e9dicos o prestan servicios relacionados, con el fin de garantizar el cumplimiento continuo de los requisitos regulatorios y de los clientes.<\/p>\n<p data-start=\"1579\" data-end=\"2029\">Aunque es un documento independiente, la ISO 13485 suele aplicarse de manera complementaria a la ISO 9001. Sin embargo, a diferencia de la ISO 9001, la ISO 13485 reduce el \u00e9nfasis en la mejora continua y en la satisfacci\u00f3n del cliente, priorizando la conformidad con los requisitos regulatorios, la gesti\u00f3n de riesgos y el mantenimiento de procesos eficaces que garanticen la seguridad en el dise\u00f1o, fabricaci\u00f3n y distribuci\u00f3n de productos m\u00e9dicos.<\/p>\n<p data-start=\"2031\" data-end=\"2542\"><strong data-start=\"2031\" data-end=\"2068\">EMPRESA BUENA CIUDADANA \u2013 ABRAIDI<\/strong><br data-start=\"2068\" data-end=\"2071\" \/>Vicca ha sido certificada con el sello <em data-start=\"2110\" data-end=\"2135\">Empresa Buena Ciudadana<\/em>, emitido por la Asociaci\u00f3n Brasile\u00f1a de Importadores y Distribuidores de Implantes (ABRAIDI). Este sello constituye un C\u00f3digo de Conducta y reconoce a la empresa asociada que orienta sus operaciones con base en cuatro pilares fundamentales: \u00e9tica, calidad, buenas pr\u00e1cticas y seguridad del paciente, manteniendo siempre la transparencia en las relaciones entre empresas, entidades y consumidores finales.<\/p>\n","protected":false},"excerpt":{"rendered":"<p>CERTIFICADO DE BUENAS PR\u00c1CTICAS DE FABRICACI\u00d3NLa Certificaci\u00f3n de Buenas Pr\u00e1cticas de Fabricaci\u00f3n (BPF), tambi\u00e9n conocida internacionalmente como Good Manufacturing Practices (GMP), es reconocida por su relevancia estrat\u00e9gica en el \u00e1mbito empresarial, permitiendo que las empresas del sector m\u00e9dico-hospitalario comercialicen sus productos tanto en el mercado interno como en el internacional.Desde 2004, el registro de nuevos&#8230;  <a class=\"excerpt-read-more\" href=\"https:\/\/vicca.com.br\/es\/certificacoes\/\" title=\"Read Certificaciones\">Read more &raquo;<\/a><\/p>\n","protected":false},"author":1,"featured_media":0,"parent":0,"menu_order":0,"comment_status":"closed","ping_status":"closed","template":"","meta":{"footnotes":""},"class_list":["post-69","page","type-page","status-publish","hentry"],"_links":{"self":[{"href":"https:\/\/vicca.com.br\/es\/wp-json\/wp\/v2\/pages\/69","targetHints":{"allow":["GET"]}}],"collection":[{"href":"https:\/\/vicca.com.br\/es\/wp-json\/wp\/v2\/pages"}],"about":[{"href":"https:\/\/vicca.com.br\/es\/wp-json\/wp\/v2\/types\/page"}],"author":[{"embeddable":true,"href":"https:\/\/vicca.com.br\/es\/wp-json\/wp\/v2\/users\/1"}],"replies":[{"embeddable":true,"href":"https:\/\/vicca.com.br\/es\/wp-json\/wp\/v2\/comments?post=69"}],"version-history":[{"count":10,"href":"https:\/\/vicca.com.br\/es\/wp-json\/wp\/v2\/pages\/69\/revisions"}],"predecessor-version":[{"id":272,"href":"https:\/\/vicca.com.br\/es\/wp-json\/wp\/v2\/pages\/69\/revisions\/272"}],"wp:attachment":[{"href":"https:\/\/vicca.com.br\/es\/wp-json\/wp\/v2\/media?parent=69"}],"curies":[{"name":"wp","href":"https:\/\/api.w.org\/{rel}","templated":true}]}}